{"id":59,"date":"2025-05-02T09:05:37","date_gmt":"2025-05-02T07:05:37","guid":{"rendered":"http:\/\/info.mieuxbouger.com\/?page_id=59"},"modified":"2025-05-07T13:47:53","modified_gmt":"2025-05-07T11:47:53","slug":"accueil","status":"publish","type":"page","link":"https:\/\/info.mieuxbouger.com\/","title":{"rendered":"accueil"},"content":{"rendered":"\t\t<div data-elementor-type=\"wp-page\" data-elementor-id=\"59\" class=\"elementor elementor-59\">\n\t\t\t\t\t\t<section class=\"elementor-section elementor-top-section elementor-element elementor-element-2abc2745 elementor-section-full_width elementor-section-height-default elementor-section-height-default\" data-id=\"2abc2745\" data-element_type=\"section\">\n\t\t\t\t\t\t<div class=\"elementor-container elementor-column-gap-default\">\n\t\t\t\t\t<div class=\"elementor-column elementor-col-25 elementor-top-column elementor-element elementor-element-42bb914f\" data-id=\"42bb914f\" data-element_type=\"column\">\n\t\t\t<div class=\"elementor-widget-wrap elementor-element-populated\">\n\t\t\t\t\t\t<div class=\"elementor-element elementor-element-181668d9 elementor-widget elementor-widget-empath-post-grid\" data-id=\"181668d9\" data-element_type=\"widget\" data-widget_type=\"empath-post-grid.default\">\n\t\t\t\t<div class=\"elementor-widget-container\">\n\t\t\t\t\t<div class=\"bytf__post-wrapper\">\r\n        <div class=\"grid__style-three\">\r\n        <div class=\"bytf__feature-image\">\r\n            <a aria-label=\"name\" href=\"https:\/\/info.mieuxbouger.com\/index.php\/2025\/05\/02\/transport-scolaire-et-handicap\/\">\r\n                            <\/a>\r\n        <\/div>\r\n        <div class=\"bytf__content\">\r\n                <a aria-label=\"name\" class=\"empath-cate-badge-three elementor-common-cate\" href=\"https:\/\/info.mieuxbouger.com\/index.php\/category\/mobilite-et-dependance\/\" style=\"background-color:var(--thm-primary);\">\n        \t<span>Mobilit\u00e9 et d\u00e9pendance<\/span> \n        <\/a>\n                <h3 class=\"bytf_post_title\"><a aria-label=\"name\" href=\"https:\/\/info.mieuxbouger.com\/index.php\/2025\/05\/02\/transport-scolaire-et-handicap\/\">Transport scolaire et handicap : quelles solutions \u00e9cologiques et inclusives pour vos enfants ?\u200b<\/a><\/h3>\r\n            <div class=\"bytf__postmeta-info-wrapper\">\r\n                <div class=\"bytf__postmeta meta__dark\">\r\n                    <ul class=\"d-flex align-items-center\">\r\n                        \r\n                                                    <li><i class=\"fal fa-calendar\"><\/i> 2 mai 2025<\/li>\r\n                        \r\n                                            <\/ul>\r\n                <\/div>\r\n                <div class=\"bytf__bookmark bookmark__dark\">\r\n                        <div class=\"bytf__bookmark\">\r\n        <span class=\"bookmark-trigger bookmark-icon \" data-post-id=\"71\"><i class=\"far fa-bookmark\"><\/i><\/span>\r\n    <\/div>\r\n                    <\/div>\r\n            <\/div>\r\n        <\/div>\r\n    <\/div>\r\n   \r\n<\/div>\t\t\t\t<\/div>\n\t\t\t\t<\/div>\n\t\t\t\t\t<\/div>\n\t\t<\/div>\n\t\t\t\t<div class=\"elementor-column elementor-col-50 elementor-top-column elementor-element elementor-element-75573ed1\" data-id=\"75573ed1\" data-element_type=\"column\">\n\t\t\t<div class=\"elementor-widget-wrap elementor-element-populated\">\n\t\t\t\t\t\t<div class=\"elementor-element elementor-element-3439fd3b dark-borader elementor-widget elementor-widget-empath-post-overlay\" data-id=\"3439fd3b\" data-element_type=\"widget\" data-widget_type=\"empath-post-overlay.default\">\n\t\t\t\t<div class=\"elementor-widget-container\">\n\t\t\t\t\t<div class=\"bytf__post-wrapper\">\r\n   \r\n<\/div>\t\t\t\t<\/div>\n\t\t\t\t<\/div>\n\t\t\t\t<div class=\"elementor-element elementor-element-2ee77a69 dark-text elementor-widget elementor-widget-heading\" data-id=\"2ee77a69\" data-element_type=\"widget\" data-widget_type=\"heading.default\">\n\t\t\t\t<div class=\"elementor-widget-container\">\n\t\t\t\t\t<h2 class=\"elementor-heading-title elementor-size-default\">Actualit\u00e9s<\/h2>\t\t\t\t<\/div>\n\t\t\t\t<\/div>\n\t\t\t\t<div class=\"elementor-element elementor-element-b26179e elementor-widget__width-inherit elementor-widget elementor-widget-empath-post-grid-col\" data-id=\"b26179e\" data-element_type=\"widget\" data-widget_type=\"empath-post-grid-col.default\">\n\t\t\t\t<div class=\"elementor-widget-container\">\n\t\t\t\t\t<div class=\"bytf__post-wrapper\">\r\n    <div class=\"row\">\r\n            <div class=\"col-lg-6 col-md-6 col-xl-6\">\r\n            <div class=\"bytf__post-grid-clm-item-two\">\r\n                <div class=\"bytf__feature-image\">\r\n                    <a aria-label=\"name\" href=\"https:\/\/info.mieuxbouger.com\/index.php\/2025\/05\/02\/transport-scolaire-et-handicap\/\">\r\n                                            <\/a>\r\n                <\/div>\r\n                <div class=\"bytf__content\">\r\n                            <a aria-label=\"name\" class=\"empath-cate-badge-two elementor-common-cate\" href=\"https:\/\/info.mieuxbouger.com\/index.php\/category\/mobilite-et-dependance\/\">\n        \t<span>Mobilit\u00e9 et d\u00e9pendance<\/span> \n        <\/a>\n                        <h3 class=\"bytf_post_title\"><a aria-label=\"name\" href=\"https:\/\/info.mieuxbouger.com\/index.php\/2025\/05\/02\/transport-scolaire-et-handicap\/\">Transport scolaire et handicap<\/a><\/h3>\r\n                                        <div class=\"bytf__postmeta-info-wrapper\">\r\n                        <div class=\"bytf__postmeta meta__dark\">\r\n                            <ul class=\"d-flex align-items-center\">\r\n                                \r\n                                                                    <li><i class=\"fal fa-calendar\"><\/i> 2 mai 2025<\/li>\r\n                                \r\n                                                            <\/ul>\r\n                        <\/div>\r\n                        <div class=\"bytf__bookmark bookmark__dark\">\r\n                                <div class=\"bytf__bookmark\">\r\n        <span class=\"bookmark-trigger bookmark-icon \" data-post-id=\"71\"><i class=\"far fa-bookmark\"><\/i><\/span>\r\n    <\/div>\r\n                            <\/div>\r\n                    <\/div>\r\n                <\/div>\r\n            <\/div>\r\n        <\/div>\r\n           \r\n    <\/div>\r\n<\/div>\t\t\t\t<\/div>\n\t\t\t\t<\/div>\n\t\t\t\t\t<\/div>\n\t\t<\/div>\n\t\t\t\t<div class=\"elementor-column elementor-col-25 elementor-top-column elementor-element elementor-element-2e3c3256\" data-id=\"2e3c3256\" data-element_type=\"column\">\n\t\t\t<div class=\"elementor-widget-wrap elementor-element-populated\">\n\t\t\t\t\t\t<div class=\"elementor-element elementor-element-137b470c elementor-widget elementor-widget-empath-post-overlay\" data-id=\"137b470c\" data-element_type=\"widget\" data-widget_type=\"empath-post-overlay.default\">\n\t\t\t\t<div class=\"elementor-widget-container\">\n\t\t\t\t\t<div class=\"bytf__post-wrapper\">\r\n   \r\n<\/div>\t\t\t\t<\/div>\n\t\t\t\t<\/div>\n\t\t\t\t<div class=\"elementor-element elementor-element-2919f0b7 elementor-widget elementor-widget-empath-post-tab\" data-id=\"2919f0b7\" data-element_type=\"widget\" data-widget_type=\"empath-post-tab.default\">\n\t\t\t\t<div class=\"elementor-widget-container\">\n\t\t\t\t\t<div class=\"bytf__post-tab-wrapper\">\r\n    <ul class=\"nav nav-pills mb-3\" id=\"pills-tab\" role=\"tablist\">\r\n            <li class=\"nav-item elementor-repeater-item-9b8d45e\" role=\"presentation\">\r\n            <button class=\"nav-link \" id=\"barfii-tb1\" data-bs-toggle=\"pill\" data-bs-target=\"#barfii-tb-home1\" type=\"button\" role=\"tab\" aria-controls=\"barfii-tb-home1\" aria-selected=\"true\">Derni\u00e8res News<\/button>\r\n        <\/li>\r\n                <li class=\"nav-item elementor-repeater-item-7c53d63\" role=\"presentation\">\r\n            <button class=\"nav-link \" id=\"barfii-tb2\" data-bs-toggle=\"pill\" data-bs-target=\"#barfii-tb-home2\" type=\"button\" role=\"tab\" aria-controls=\"barfii-tb-home2\" aria-selected=\"true\">Top News<\/button>\r\n        <\/li>\r\n            <\/ul>\r\n    <div class=\"tab-content\" id=\"pills-tabContent\">\r\n            <div class=\"tab-pane animated fadeInUp \" id=\"barfii-tb-home1\" role=\"tabpanel\" aria-labelledby=\"barfii-tb1\">\r\n                        <div class=\"bytf__post-tab-item d-flex\">\r\n        <h2 class=\"post_count\">01<\/h2>\r\n        <div class=\"bytf__content\">                   \r\n            <h4 class=\"bytf_post_title\"><a aria-label=\"name\" href=\"https:\/\/info.mieuxbouger.com\/index.php\/2025\/05\/02\/transport-scolaire-et-handicap\/\">Transport scolaire et handicap : quelles<\/a><\/h4> \r\n                               \r\n            <div class=\"bytf__postmeta-info-wrapper\">\r\n                <div class=\"bytf__postmeta meta__dark\">\r\n                    <ul class=\"d-flex align-items-center\">\r\n                        \r\n                                                    <li><i class=\"fal fa-calendar\"><\/i> 2 mai 2025<\/li>\r\n                        \r\n                                            <\/ul>\r\n                <\/div>\r\n                <div class=\"bytf__bookmark bookmark__dark\">\r\n                        <div class=\"bytf__bookmark\">\r\n        <span class=\"bookmark-trigger bookmark-icon \" data-post-id=\"71\"><i class=\"far fa-bookmark\"><\/i><\/span>\r\n    <\/div>\r\n                    <\/div>\r\n            <\/div>\r\n        <\/div>        \r\n        <div class=\"bytf__feature-image\">\r\n            <a aria-label=\"name\" href=\"https:\/\/info.mieuxbouger.com\/index.php\/2025\/05\/02\/transport-scolaire-et-handicap\/\">\r\n                            <\/a>\r\n        <\/div>\r\n    <\/div>\r\n     \r\n        <\/div>\r\n                <div class=\"tab-pane animated fadeInUp \" id=\"barfii-tb-home2\" role=\"tabpanel\" aria-labelledby=\"barfii-tb2\">\r\n                     \r\n        <\/div>\r\n            <\/div>\r\n<\/div>\t\t\t\t<\/div>\n\t\t\t\t<\/div>\n\t\t\t\t\t<\/div>\n\t\t<\/div>\n\t\t\t\t\t<\/div>\n\t\t<\/section>\n\t\t\t\t<\/div>\n\t\t","protected":false},"excerpt":{"rendered":"<p>Mobilit\u00e9 et d\u00e9pendance Transport scolaire et handicap : quelles solutions \u00e9cologiques et inclusives pour vos enfants ?\u200b 2 mai 2025 Actualit\u00e9s Mobilit\u00e9 et d\u00e9pendance Transport scolaire et handicap 2 mai 2025 Derni\u00e8res News Top News 01 Transport scolaire et handicap : quelles 2 mai 2025<\/p>\n","protected":false},"author":1,"featured_media":0,"parent":0,"menu_order":0,"comment_status":"closed","ping_status":"closed","template":"","meta":{"footnotes":""},"class_list":["post-59","page","type-page","status-publish","hentry"],"yoast_head":"<!-- This site is optimized with the Yoast SEO plugin v25.0 - https:\/\/yoast.com\/wordpress\/plugins\/seo\/ -->\n<title>accueil - Mieux bouger<\/title>\n<meta name=\"robots\" content=\"index, follow, max-snippet:-1, max-image-preview:large, max-video-preview:-1\" \/>\n<link rel=\"canonical\" href=\"https:\/\/info.mieuxbouger.com\/\" \/>\n<meta property=\"og:locale\" content=\"fr_FR\" \/>\n<meta property=\"og:type\" content=\"article\" \/>\n<meta property=\"og:title\" content=\"accueil - Mieux bouger\" \/>\n<meta property=\"og:description\" content=\"Mobilit\u00e9 et d\u00e9pendance Transport scolaire et handicap : quelles solutions \u00e9cologiques et inclusives pour vos enfants ?\u200b 2 mai 2025 Actualit\u00e9s Mobilit\u00e9 et d\u00e9pendance Transport scolaire et handicap 2 mai 2025 Derni\u00e8res News Top News 01 Transport scolaire et handicap : quelles 2 mai 2025\" \/>\n<meta property=\"og:url\" content=\"https:\/\/info.mieuxbouger.com\/\" \/>\n<meta property=\"og:site_name\" content=\"Mieux bouger\" \/>\n<meta property=\"article:modified_time\" content=\"2025-05-07T11:47:53+00:00\" \/>\n<meta name=\"twitter:card\" content=\"summary_large_image\" \/>\n<meta name=\"twitter:label1\" content=\"Dur\u00e9e de lecture estim\u00e9e\" \/>\n\t<meta name=\"twitter:data1\" content=\"1 minute\" \/>\n<script type=\"application\/ld+json\" class=\"yoast-schema-graph\">{\"@context\":\"https:\/\/schema.org\",\"@graph\":[{\"@type\":\"WebPage\",\"@id\":\"https:\/\/info.mieuxbouger.com\/\",\"url\":\"https:\/\/info.mieuxbouger.com\/\",\"name\":\"accueil - Mieux bouger\",\"isPartOf\":{\"@id\":\"https:\/\/info.mieuxbouger.com\/#website\"},\"datePublished\":\"2025-05-02T07:05:37+00:00\",\"dateModified\":\"2025-05-07T11:47:53+00:00\",\"breadcrumb\":{\"@id\":\"https:\/\/info.mieuxbouger.com\/#breadcrumb\"},\"inLanguage\":\"fr-FR\",\"potentialAction\":[{\"@type\":\"ReadAction\",\"target\":[\"https:\/\/info.mieuxbouger.com\/\"]}]},{\"@type\":\"BreadcrumbList\",\"@id\":\"https:\/\/info.mieuxbouger.com\/#breadcrumb\",\"itemListElement\":[{\"@type\":\"ListItem\",\"position\":1,\"name\":\"Accueil\",\"item\":\"https:\/\/info.mieuxbouger.com\/\"},{\"@type\":\"ListItem\",\"position\":2,\"name\":\"accueil\"}]},{\"@type\":\"WebSite\",\"@id\":\"https:\/\/info.mieuxbouger.com\/#website\",\"url\":\"https:\/\/info.mieuxbouger.com\/\",\"name\":\"Mieux Bouger\",\"description\":\"Mieux Bouger\",\"publisher\":{\"@id\":\"https:\/\/info.mieuxbouger.com\/#\/schema\/person\/a3fa990eb621f0a3f75680529ec1379c\"},\"potentialAction\":[{\"@type\":\"SearchAction\",\"target\":{\"@type\":\"EntryPoint\",\"urlTemplate\":\"https:\/\/info.mieuxbouger.com\/?s={search_term_string}\"},\"query-input\":{\"@type\":\"PropertyValueSpecification\",\"valueRequired\":true,\"valueName\":\"search_term_string\"}}],\"inLanguage\":\"fr-FR\"},{\"@type\":[\"Person\",\"Organization\"],\"@id\":\"https:\/\/info.mieuxbouger.com\/#\/schema\/person\/a3fa990eb621f0a3f75680529ec1379c\",\"name\":\"admin3909\",\"image\":{\"@type\":\"ImageObject\",\"inLanguage\":\"fr-FR\",\"@id\":\"https:\/\/info.mieuxbouger.com\/#\/schema\/person\/image\/\",\"url\":\"http:\/\/info.mieuxbouger.com\/wp-content\/uploads\/2025\/05\/mieuxbouger-scaled.png\",\"contentUrl\":\"http:\/\/info.mieuxbouger.com\/wp-content\/uploads\/2025\/05\/mieuxbouger-scaled.png\",\"width\":2560,\"height\":229,\"caption\":\"admin3909\"},\"logo\":{\"@id\":\"https:\/\/info.mieuxbouger.com\/#\/schema\/person\/image\/\"},\"sameAs\":[\"http:\/\/info.mieuxbouger.com\"]}]}<\/script>\n<!-- \/ Yoast SEO plugin. -->","yoast_head_json":{"title":"accueil - Mieux bouger","robots":{"index":"index","follow":"follow","max-snippet":"max-snippet:-1","max-image-preview":"max-image-preview:large","max-video-preview":"max-video-preview:-1"},"canonical":"https:\/\/info.mieuxbouger.com\/","og_locale":"fr_FR","og_type":"article","og_title":"accueil - Mieux bouger","og_description":"Mobilit\u00e9 et d\u00e9pendance Transport scolaire et handicap : quelles solutions \u00e9cologiques et inclusives pour vos enfants ?\u200b 2 mai 2025 Actualit\u00e9s Mobilit\u00e9 et d\u00e9pendance Transport scolaire et handicap 2 mai 2025 Derni\u00e8res News Top News 01 Transport scolaire et handicap : quelles 2 mai 2025","og_url":"https:\/\/info.mieuxbouger.com\/","og_site_name":"Mieux bouger","article_modified_time":"2025-05-07T11:47:53+00:00","twitter_card":"summary_large_image","twitter_misc":{"Dur\u00e9e de lecture estim\u00e9e":"1 minute"},"schema":{"@context":"https:\/\/schema.org","@graph":[{"@type":"WebPage","@id":"https:\/\/info.mieuxbouger.com\/","url":"https:\/\/info.mieuxbouger.com\/","name":"accueil - Mieux bouger","isPartOf":{"@id":"https:\/\/info.mieuxbouger.com\/#website"},"datePublished":"2025-05-02T07:05:37+00:00","dateModified":"2025-05-07T11:47:53+00:00","breadcrumb":{"@id":"https:\/\/info.mieuxbouger.com\/#breadcrumb"},"inLanguage":"fr-FR","potentialAction":[{"@type":"ReadAction","target":["https:\/\/info.mieuxbouger.com\/"]}]},{"@type":"BreadcrumbList","@id":"https:\/\/info.mieuxbouger.com\/#breadcrumb","itemListElement":[{"@type":"ListItem","position":1,"name":"Accueil","item":"https:\/\/info.mieuxbouger.com\/"},{"@type":"ListItem","position":2,"name":"accueil"}]},{"@type":"WebSite","@id":"https:\/\/info.mieuxbouger.com\/#website","url":"https:\/\/info.mieuxbouger.com\/","name":"Mieux Bouger","description":"Mieux Bouger","publisher":{"@id":"https:\/\/info.mieuxbouger.com\/#\/schema\/person\/a3fa990eb621f0a3f75680529ec1379c"},"potentialAction":[{"@type":"SearchAction","target":{"@type":"EntryPoint","urlTemplate":"https:\/\/info.mieuxbouger.com\/?s={search_term_string}"},"query-input":{"@type":"PropertyValueSpecification","valueRequired":true,"valueName":"search_term_string"}}],"inLanguage":"fr-FR"},{"@type":["Person","Organization"],"@id":"https:\/\/info.mieuxbouger.com\/#\/schema\/person\/a3fa990eb621f0a3f75680529ec1379c","name":"admin3909","image":{"@type":"ImageObject","inLanguage":"fr-FR","@id":"https:\/\/info.mieuxbouger.com\/#\/schema\/person\/image\/","url":"http:\/\/info.mieuxbouger.com\/wp-content\/uploads\/2025\/05\/mieuxbouger-scaled.png","contentUrl":"http:\/\/info.mieuxbouger.com\/wp-content\/uploads\/2025\/05\/mieuxbouger-scaled.png","width":2560,"height":229,"caption":"admin3909"},"logo":{"@id":"https:\/\/info.mieuxbouger.com\/#\/schema\/person\/image\/"},"sameAs":["http:\/\/info.mieuxbouger.com"]}]}},"_links":{"self":[{"href":"https:\/\/info.mieuxbouger.com\/index.php\/wp-json\/wp\/v2\/pages\/59","targetHints":{"allow":["GET"]}}],"collection":[{"href":"https:\/\/info.mieuxbouger.com\/index.php\/wp-json\/wp\/v2\/pages"}],"about":[{"href":"https:\/\/info.mieuxbouger.com\/index.php\/wp-json\/wp\/v2\/types\/page"}],"author":[{"embeddable":true,"href":"https:\/\/info.mieuxbouger.com\/index.php\/wp-json\/wp\/v2\/users\/1"}],"replies":[{"embeddable":true,"href":"https:\/\/info.mieuxbouger.com\/index.php\/wp-json\/wp\/v2\/comments?post=59"}],"version-history":[{"count":32,"href":"https:\/\/info.mieuxbouger.com\/index.php\/wp-json\/wp\/v2\/pages\/59\/revisions"}],"predecessor-version":[{"id":271,"href":"https:\/\/info.mieuxbouger.com\/index.php\/wp-json\/wp\/v2\/pages\/59\/revisions\/271"}],"wp:attachment":[{"href":"https:\/\/info.mieuxbouger.com\/index.php\/wp-json\/wp\/v2\/media?parent=59"}],"curies":[{"name":"wp","href":"https:\/\/api.w.org\/{rel}","templated":true}]}}